{"id":743,"date":"2021-08-05T15:39:05","date_gmt":"2021-08-05T13:39:05","guid":{"rendered":"http:\/\/musikverein-oberstenfeld.de\/?page_id=743"},"modified":"2021-09-21T07:32:39","modified_gmt":"2021-09-21T05:32:39","slug":"aktuelles-blaeserklasse","status":"publish","type":"page","link":"http:\/\/www.musikverein-oberstenfeld.de\/?page_id=743","title":{"rendered":"Aktuelles Bl\u00e4serklasse"},"content":{"rendered":"<h1><strong>Info&#8217;s zur Bl\u00e4serklasse und neuen Kursen\r\n<\/strong><\/h1>\r\n<img loading=\"lazy\" decoding=\"async\" class=\"wp-image-738 aligncenter\" src=\"http:\/\/www.musikverein-oberstenfeld.de\/wp-content\/uploads\/2021\/08\/Plakat_Blaeserklasse_2021.jpg\" alt=\"\" width=\"320\" height=\"452\" srcset=\"http:\/\/www.musikverein-oberstenfeld.de\/wp-content\/uploads\/2021\/08\/Plakat_Blaeserklasse_2021.jpg 627w, http:\/\/www.musikverein-oberstenfeld.de\/wp-content\/uploads\/2021\/08\/Plakat_Blaeserklasse_2021-212x300.jpg 212w\" sizes=\"auto, (max-width: 320px) 100vw, 320px\" \/>\r\n<h1><\/h1>\r\n<iframe loading=\"lazy\" title=\"Begr\u00fc\u00dfung Bl\u00e4serklasse\" width=\"530\" height=\"298\" src=\"https:\/\/www.youtube.com\/embed\/0DEP-SknhDY?feature=oembed\" frameborder=\"0\" allow=\"accelerometer; autoplay; clipboard-write; encrypted-media; gyroscope; picture-in-picture; web-share\" referrerpolicy=\"strict-origin-when-cross-origin\" allowfullscreen><\/iframe>\r\n\r\n<p>In <strong>Klasse 1<\/strong> starten wir mit neuen Blockfl\u00f6tenkursen. Die Vorstellung erfolgt in den Elternabenden der Lichtenbergschule.<\/p>\r\n\r\n<p>In <strong>Klasse 3<\/strong> beginnen wir mit neuem Instrumentalunterricht an Holz- oder Blechblasinstrumenten und der Bl\u00e4serklasse (Schulorchester).\r\nDazu haben wir kleine Videos eingestellt, um die Instrumente vorzustellen (siehe Instrumentalvorstellung)!\r\nEinfach mal reinschnuppern und herausfinden, welches Instrument gefallen k\u00f6nnte.\r\nZu Beginn des Schuljahres veranstalten wir einen Schnuppernachmitttag, an dem man die Instrumente ausprobieren kann. Infos dazu folgen <strong>hier<\/strong>!<\/p>\r\n\r\nGerne k\u00f6nnen Sie schon Kontakt zu uns \u00fcber das Kontaktformular aufnehmen.\r\n<h1><strong>Instrumentenvorstellung<\/strong><\/h1>\r\n<h2>Die Klarinette<\/h2>\r\n<iframe loading=\"lazy\" title=\"Die Klarinette\" width=\"530\" height=\"298\" src=\"https:\/\/www.youtube.com\/embed\/u_Vpm4YQJKY?feature=oembed\" frameborder=\"0\" allow=\"accelerometer; autoplay; clipboard-write; encrypted-media; gyroscope; picture-in-picture; web-share\" referrerpolicy=\"strict-origin-when-cross-origin\" allowfullscreen><\/iframe>\r\n<h2>Das Saxophon<\/h2>\r\n<iframe loading=\"lazy\" title=\"Das Saxophon\" width=\"530\" height=\"298\" src=\"https:\/\/www.youtube.com\/embed\/pTI4l2gKUiQ?feature=oembed\" frameborder=\"0\" allow=\"accelerometer; autoplay; clipboard-write; encrypted-media; gyroscope; picture-in-picture; web-share\" referrerpolicy=\"strict-origin-when-cross-origin\" allowfullscreen><\/iframe>\r\n<h2>Die Trompete<\/h2>\r\n<iframe loading=\"lazy\" title=\"Die Trompete\" width=\"530\" height=\"298\" src=\"https:\/\/www.youtube.com\/embed\/9HGGsW51K88?feature=oembed\" frameborder=\"0\" allow=\"accelerometer; autoplay; clipboard-write; encrypted-media; gyroscope; picture-in-picture; web-share\" referrerpolicy=\"strict-origin-when-cross-origin\" allowfullscreen><\/iframe>\r\n<h2>Die Posaune<\/h2>\r\n<iframe loading=\"lazy\" title=\"Die Posaune\" width=\"530\" height=\"298\" src=\"https:\/\/www.youtube.com\/embed\/nfrK0vMMqhw?feature=oembed\" frameborder=\"0\" allow=\"accelerometer; autoplay; clipboard-write; encrypted-media; gyroscope; picture-in-picture; web-share\" referrerpolicy=\"strict-origin-when-cross-origin\" allowfullscreen><\/iframe>\r\n<h2>Das Waldhorn<\/h2>\r\n<iframe loading=\"lazy\" title=\"Das Waldhorn\" width=\"530\" height=\"298\" src=\"https:\/\/www.youtube.com\/embed\/Kw6wQonLtn4?feature=oembed\" frameborder=\"0\" allow=\"accelerometer; autoplay; clipboard-write; encrypted-media; gyroscope; picture-in-picture; web-share\" referrerpolicy=\"strict-origin-when-cross-origin\" allowfullscreen><\/iframe>\r\n<h2>Das Tenorhorn<\/h2>\r\n<iframe loading=\"lazy\" title=\"Das Tenorhorn\" width=\"530\" height=\"298\" src=\"https:\/\/www.youtube.com\/embed\/BIbY4w2fB2E?feature=oembed\" frameborder=\"0\" allow=\"accelerometer; autoplay; clipboard-write; encrypted-media; gyroscope; picture-in-picture; web-share\" referrerpolicy=\"strict-origin-when-cross-origin\" allowfullscreen><\/iframe>","protected":false},"excerpt":{"rendered":"<p>Info&#8217;s zur Bl\u00e4serklasse und neuen Kursen In Klasse 1 starten wir mit neuen Blockfl\u00f6tenkursen. Die Vorstellung erfolgt in den Elternabenden der Lichtenbergschule. In Klasse 3 beginnen wir mit neuem Instrumentalunterricht<\/p>\n","protected":false},"author":1,"featured_media":0,"parent":0,"menu_order":0,"comment_status":"closed","ping_status":"closed","template":"","meta":{"footnotes":""},"class_list":["post-743","page","type-page","status-publish","hentry"],"_links":{"self":[{"href":"http:\/\/www.musikverein-oberstenfeld.de\/index.php?rest_route=\/wp\/v2\/pages\/743","targetHints":{"allow":["GET"]}}],"collection":[{"href":"http:\/\/www.musikverein-oberstenfeld.de\/index.php?rest_route=\/wp\/v2\/pages"}],"about":[{"href":"http:\/\/www.musikverein-oberstenfeld.de\/index.php?rest_route=\/wp\/v2\/types\/page"}],"author":[{"embeddable":true,"href":"http:\/\/www.musikverein-oberstenfeld.de\/index.php?rest_route=\/wp\/v2\/users\/1"}],"replies":[{"embeddable":true,"href":"http:\/\/www.musikverein-oberstenfeld.de\/index.php?rest_route=%2Fwp%2Fv2%2Fcomments&post=743"}],"version-history":[{"count":6,"href":"http:\/\/www.musikverein-oberstenfeld.de\/index.php?rest_route=\/wp\/v2\/pages\/743\/revisions"}],"predecessor-version":[{"id":761,"href":"http:\/\/www.musikverein-oberstenfeld.de\/index.php?rest_route=\/wp\/v2\/pages\/743\/revisions\/761"}],"wp:attachment":[{"href":"http:\/\/www.musikverein-oberstenfeld.de\/index.php?rest_route=%2Fwp%2Fv2%2Fmedia&parent=743"}],"curies":[{"name":"wp","href":"https:\/\/api.w.org\/{rel}","templated":true}]}}