{"id":689,"date":"2020-10-29T17:01:58","date_gmt":"2020-10-29T15:01:58","guid":{"rendered":"http:\/\/www.musikverein-oberstenfeld.de\/?page_id=689"},"modified":"2020-10-29T19:18:12","modified_gmt":"2020-10-29T17:18:12","slug":"blaeserklasse-neu","status":"publish","type":"page","link":"http:\/\/www.musikverein-oberstenfeld.de\/?page_id=689","title":{"rendered":"Bl\u00e4serklasse (neu)"},"content":{"rendered":"\n<p style=\"font-size:30px\" class=\"has-text-color has-vivid-red-color\"><strong>Blockfl\u00f6tenorchester &amp; Bl\u00e4serklasse<\/strong><\/p>\n\n\n\n<p class=\"has-text-color has-vivid-red-color\">an der Lichtenbergschule Oberstenfeld  <\/p>\n\n\n\n<figure class=\"wp-block-image\"><img loading=\"lazy\" decoding=\"async\" width=\"946\" height=\"999\" src=\"http:\/\/www.musikverein-oberstenfeld.de\/wp-content\/uploads\/2020\/10\/Flyer_Seite1_ohneTitel-1.jpg\" alt=\"\" class=\"wp-image-710\" srcset=\"http:\/\/www.musikverein-oberstenfeld.de\/wp-content\/uploads\/2020\/10\/Flyer_Seite1_ohneTitel-1.jpg 946w, http:\/\/www.musikverein-oberstenfeld.de\/wp-content\/uploads\/2020\/10\/Flyer_Seite1_ohneTitel-1-284x300.jpg 284w, http:\/\/www.musikverein-oberstenfeld.de\/wp-content\/uploads\/2020\/10\/Flyer_Seite1_ohneTitel-1-768x811.jpg 768w\" sizes=\"auto, (max-width: 946px) 100vw, 946px\" \/><\/figure>\n\n\n\n<figure class=\"wp-block-image\"><img loading=\"lazy\" decoding=\"async\" width=\"997\" height=\"801\" src=\"http:\/\/www.musikverein-oberstenfeld.de\/wp-content\/uploads\/2020\/10\/Flyer_Seite2_oben.jpg\" alt=\"\" class=\"wp-image-698\" srcset=\"http:\/\/www.musikverein-oberstenfeld.de\/wp-content\/uploads\/2020\/10\/Flyer_Seite2_oben.jpg 997w, http:\/\/www.musikverein-oberstenfeld.de\/wp-content\/uploads\/2020\/10\/Flyer_Seite2_oben-300x241.jpg 300w, http:\/\/www.musikverein-oberstenfeld.de\/wp-content\/uploads\/2020\/10\/Flyer_Seite2_oben-768x617.jpg 768w\" sizes=\"auto, (max-width: 997px) 100vw, 997px\" \/><\/figure>\n\n\n\n<h4 class=\"wp-block-heading\"><strong>Warum eine Bl\u00e4serklasse?<\/strong><\/h4>\n\n\n\n<p>Sie f\u00f6rdert den Sch\u00fcler in doppeltem Ma\u00dfe. Zum Einen erlernt er ein Instrument und zum Anderen wird er gleichzeitig zum Orchestermusiker.<br><br>Dar\u00fcber hinaus f\u00f6rdert das gemeinsame instrumentale Musizieren Leistungsf\u00e4higkeit, Disziplin, Konzentration, Ausdauer, Kooperationsbereitschaft, Teamf\u00e4higkeit, Solidarit\u00e4t und R\u00fccksichtnahme. <\/p>\n\n\n\n<p style=\"background-color:#fff800;font-size:18px\" class=\"has-background\"><strong>Musik h\u00f6ren ist gut, Musik selber machen und verstehen ist besser!<\/strong><\/p>\n\n\n\n<h4 class=\"wp-block-heading\"><strong>Instrumentenauswahl:<\/strong><\/h4>\n\n\n\n<p>Voraussetzung zum Gelingen ist die Zusammenstellung eines wohlklingenden Orchesters. D.h. ein kompletter Satz an Instrumenten des Blasorchesters wird besetzt.<br>Alle Instrumente sind kindgerecht! <br><\/p>\n\n\n\n<p style=\"background-color:#fff800;font-size:18px\" class=\"has-background\"><strong>Diese Instrumente gibt es:<\/strong><\/p>\n\n\n\n<figure class=\"wp-block-image\"><img loading=\"lazy\" decoding=\"async\" width=\"1024\" height=\"572\" src=\"http:\/\/www.musikverein-oberstenfeld.de\/wp-content\/uploads\/2020\/10\/Instrumente-1024x572.jpg\" alt=\"\" class=\"wp-image-730\" srcset=\"http:\/\/www.musikverein-oberstenfeld.de\/wp-content\/uploads\/2020\/10\/Instrumente.jpg 1024w, http:\/\/www.musikverein-oberstenfeld.de\/wp-content\/uploads\/2020\/10\/Instrumente-300x168.jpg 300w, http:\/\/www.musikverein-oberstenfeld.de\/wp-content\/uploads\/2020\/10\/Instrumente-768x429.jpg 768w\" sizes=\"auto, (max-width: 1024px) 100vw, 1024px\" \/><\/figure>\n\n\n\n<h4 class=\"wp-block-heading\"><strong>Ausprobierphase:<\/strong><\/h4>\n\n\n\n<p>Alle Instrumente werden unter Anleitung von Fachlehrern von den Kindern ausprobiert.<br>Danach wird ein Erstwunsch und Zweitwunsch (evtl. Drittwunsch) angegeben. Danach wird das Orchester gebildet.<\/p>\n\n\n\n<h4 class=\"wp-block-heading\"><strong>Unterricht und Orchester:<\/strong><\/h4>\n\n\n\n<figure class=\"wp-block-image\"><img loading=\"lazy\" decoding=\"async\" width=\"887\" height=\"507\" src=\"http:\/\/www.musikverein-oberstenfeld.de\/wp-content\/uploads\/2020\/10\/Flyer_Seite4_Rahmenbed.jpg\" alt=\"\" class=\"wp-image-708\" srcset=\"http:\/\/www.musikverein-oberstenfeld.de\/wp-content\/uploads\/2020\/10\/Flyer_Seite4_Rahmenbed.jpg 887w, http:\/\/www.musikverein-oberstenfeld.de\/wp-content\/uploads\/2020\/10\/Flyer_Seite4_Rahmenbed-300x171.jpg 300w, http:\/\/www.musikverein-oberstenfeld.de\/wp-content\/uploads\/2020\/10\/Flyer_Seite4_Rahmenbed-768x439.jpg 768w\" sizes=\"auto, (max-width: 887px) 100vw, 887px\" \/><\/figure>\n\n\n\n<p>Der Unterricht wird durch den MV Oberstenfeld e.V. organisiert und wird von Lehrern der Musikschule Maks durchgef\u00fchrt.<\/p>\n\n\n\n<figure class=\"wp-block-image\"><img loading=\"lazy\" decoding=\"async\" width=\"996\" height=\"134\" src=\"http:\/\/www.musikverein-oberstenfeld.de\/wp-content\/uploads\/2020\/10\/SpassAmOrchester.jpg\" alt=\"\" class=\"wp-image-709\" srcset=\"http:\/\/www.musikverein-oberstenfeld.de\/wp-content\/uploads\/2020\/10\/SpassAmOrchester.jpg 996w, http:\/\/www.musikverein-oberstenfeld.de\/wp-content\/uploads\/2020\/10\/SpassAmOrchester-300x40.jpg 300w, http:\/\/www.musikverein-oberstenfeld.de\/wp-content\/uploads\/2020\/10\/SpassAmOrchester-768x103.jpg 768w\" sizes=\"auto, (max-width: 996px) 100vw, 996px\" \/><\/figure>\n\n\n\n<p class=\"has-text-color has-vivid-red-color\"><strong>Die Teilnahme am Blockfl\u00f6tenorchester und der Bl\u00e4serklasse ist kostenlos aber verpflichtend und findet zus\u00e4tzlich zum Unterricht statt.<\/strong><\/p>\n\n\n\n<figure class=\"wp-block-image\"><img loading=\"lazy\" decoding=\"async\" width=\"1024\" height=\"133\" src=\"http:\/\/www.musikverein-oberstenfeld.de\/wp-content\/uploads\/2020\/10\/HitsFl\u00f6tenkids-1024x133.jpg\" alt=\"\" class=\"wp-image-711\" srcset=\"http:\/\/www.musikverein-oberstenfeld.de\/wp-content\/uploads\/2020\/10\/HitsFl\u00f6tenkids-1024x133.jpg 1024w, http:\/\/www.musikverein-oberstenfeld.de\/wp-content\/uploads\/2020\/10\/HitsFl\u00f6tenkids-300x39.jpg 300w, http:\/\/www.musikverein-oberstenfeld.de\/wp-content\/uploads\/2020\/10\/HitsFl\u00f6tenkids-768x99.jpg 768w, http:\/\/www.musikverein-oberstenfeld.de\/wp-content\/uploads\/2020\/10\/HitsFl\u00f6tenkids.jpg 1251w\" sizes=\"auto, (max-width: 1024px) 100vw, 1024px\" \/><\/figure>\n\n\n\n<p style=\"color:#04a445;font-size:18px\" class=\"has-text-color\"><strong>Blockfl\u00f6tenunterricht und Blockfl\u00f6tenorchester der Klassenstufen 1 &amp; 2:<\/strong><\/p>\n\n\n\n<p>Der Musikverein f\u00fchrt Kinder ab der 1. Klasse spielerisch an die Musik heran. Schon nach den ersten Wochen k\u00f6nnen die ersten Lieder gespielt werden und schon bald musizieren die Kinder gemeinsam im Blockfl\u00f6tenorchester. Qualifizierte Lehrkr\u00e4fte der Musikakademie MAKS begleiten die Kinder auf allen Stationen ihrer musikalischen Ausbildung. Erste kleine Auftritte sorgen schon fr\u00fch f\u00fcr Erfolgserlebnisse und viel Spa\u00df!<\/p>\n\n\n\n<figure class=\"wp-block-image\"><img loading=\"lazy\" decoding=\"async\" width=\"1024\" height=\"122\" src=\"http:\/\/www.musikverein-oberstenfeld.de\/wp-content\/uploads\/2020\/10\/CooleMusik-1024x122.jpg\" alt=\"\" class=\"wp-image-712\" srcset=\"http:\/\/www.musikverein-oberstenfeld.de\/wp-content\/uploads\/2020\/10\/CooleMusik-1024x122.jpg 1024w, http:\/\/www.musikverein-oberstenfeld.de\/wp-content\/uploads\/2020\/10\/CooleMusik-300x36.jpg 300w, http:\/\/www.musikverein-oberstenfeld.de\/wp-content\/uploads\/2020\/10\/CooleMusik-768x91.jpg 768w, http:\/\/www.musikverein-oberstenfeld.de\/wp-content\/uploads\/2020\/10\/CooleMusik.jpg 1251w\" sizes=\"auto, (max-width: 1024px) 100vw, 1024px\" \/><\/figure>\n\n\n\n<p style=\"color:#04a445;font-size:18px\" class=\"has-text-color\"><strong>Bl\u00e4serklasse der Klassenstufe 3 &amp; 4:<\/strong><\/p>\n\n\n\n<p>Mit der 3. Klasse startet die Bl\u00e4serklasse. Dabei werden die Kinder an einem Blasinstrument ausgebildet. Folgende Instrumente unterrichten wir und werden vom Verein zur Verf\u00fcgung gestellt: Querfl\u00f6te, Klarinette, Saxofon, Trompete, Horn, Posaune, Bariton und Tuba. Auch zum Ausprobieren, damit jeder sein Lieblingsinstrument findet. Hier steht der Spa\u00df ebenso im Vordergrund. Mit anderen im Orchester zu musizieren sch\u00e4rft die Sinne und macht teamf\u00e4hig. <\/p>\n\n\n\n<figure class=\"wp-block-image\"><img loading=\"lazy\" decoding=\"async\" width=\"1024\" height=\"123\" src=\"http:\/\/www.musikverein-oberstenfeld.de\/wp-content\/uploads\/2020\/10\/Rockig-frech-1024x123.jpg\" alt=\"\" class=\"wp-image-713\" srcset=\"http:\/\/www.musikverein-oberstenfeld.de\/wp-content\/uploads\/2020\/10\/Rockig-frech-1024x123.jpg 1024w, http:\/\/www.musikverein-oberstenfeld.de\/wp-content\/uploads\/2020\/10\/Rockig-frech-300x36.jpg 300w, http:\/\/www.musikverein-oberstenfeld.de\/wp-content\/uploads\/2020\/10\/Rockig-frech-768x92.jpg 768w, http:\/\/www.musikverein-oberstenfeld.de\/wp-content\/uploads\/2020\/10\/Rockig-frech.jpg 1242w\" sizes=\"auto, (max-width: 1024px) 100vw, 1024px\" \/><\/figure>\n\n\n\n<p style=\"color:#04a445;font-size:18px\" class=\"has-text-color\"><strong>Momentan im Aufbau:<br>Unser Jugendorchester &#8211; nach der Grundschulzeit<\/strong><\/p>\n\n\n\n<p>Jetzt geht es so richtig los. Die Kinder sind nun bereit, im Jugendorchester zu musizieren. Bei Auftritten spielen die Kinder und Jugendliche moderne Hits, Swing, Rock oder Klassig \u2013 f\u00fcr jeden ist etwas dabei! Und gleichzeitig entwickeln sich soziale Intelligenz und Selbstbewusstsein. Die Lehrer der Musikakademie MAKS stehen weiterhin zur Seite und der Instrumentalunterricht geht weiter. Das Instrument kann nun geleast werden. Dabei unterst\u00fctzt die Musikakademie MAKS.<\/p>\n\n\n\n<h4 class=\"wp-block-heading\"><strong>Kosten:<\/strong><\/h4>\n\n\n\n<p>Der MV Oberstenfeld ist sehr interessiert an hervorragend ausgebildetem Nachwuchs. Deswegen wird ein gro\u00dfz\u00fcgiges Sponsoring durch den Musikverein angeboten.<br>Das Instrumentarium wird mit einer geringen Miete f\u00fcr 2 Jahre ausgeliehen.<br>Danach hilft der MVO gerne bei der Vermittlung eines Instruments \u00fcber Leasing bei einem Musikfachgesch\u00e4ft.<\/p>\n\n\n\n<p><strong>1) Mitgliedschaft im Musikverein: 40 \u20ac im Jahr (f\u00fcr ein Elternteil + Kind)<\/strong><br>Mindestens 1 Elternteil muss Mitglied im Musikverein sein. <\/p>\n\n\n\n<p><strong>2) Monatspauschale f\u00fcr Unterricht,\u2026<\/strong><br><strong>a)&nbsp;Blockfl\u00f6tenunterricht: <\/strong><br><strong>20\u20ac\/Monat (2er Gruppe &#8211; 20 min oder 3er Gruppe &#8211; 30 min)<br><\/strong>Darin enthalten sind:<br>\u2013 Unterricht einmal w\u00f6chentlich<br>\u2013 Unterrichtsgeb\u00fchr<br>\u2013 zus\u00e4tzlich w\u00f6chentlich eine Schulstunde Blockfl\u00f6tenorchester<br>(Blockfl\u00f6te und Unterrichtsliteratur sind nicht enthalten) <\/p>\n\n\n\n<p><strong>b)&nbsp;Instrumentalunterricht Bl\u00e4serklasse: <\/strong><br><strong>44\u20ac\/Monat (2er Gruppen &#8211; 30 min)<br><\/strong>Darin enthalten sind:<br>\u2013 Unterricht einmal w\u00f6chentlich <br>\u2013 Unterrichtsgeb\u00fchr<br>\u2013 zus\u00e4tzlich w\u00f6chentlich eine Schulstunde Bl\u00e4ser-Orchester<br>\u2013 Instrumentenmiete und -versicherung <\/p>\n\n\n\n<p><strong>c)&nbsp;Instrumentalunterricht (Einzelunterricht): <br>54\u20ac\/Monat (30 min)<br><\/strong>Darin enthalten sind:<br>\u2013 Unterricht einmal w\u00f6chentlich<br>\u2013 Unterrichtsgeb\u00fchr<br>\u2013 zus\u00e4tzlich w\u00f6chentlich eine Schulstunde Bl\u00e4ser-Orchester<br>\u2013 Instrumentenmiete und -versicherung <br>   (nur in der 3. und 4. Klasse, danach muss das Instrument geleast werden) <\/p>\n\n\n\n<h4 class=\"wp-block-heading\"><strong>Kontakt:<\/strong><\/h4>\n\n\n\n<figure class=\"wp-block-image\"><img loading=\"lazy\" decoding=\"async\" width=\"948\" height=\"684\" src=\"http:\/\/www.musikverein-oberstenfeld.de\/wp-content\/uploads\/2020\/10\/Flyer_Kontakte.jpg\" alt=\"\" class=\"wp-image-718\" srcset=\"http:\/\/www.musikverein-oberstenfeld.de\/wp-content\/uploads\/2020\/10\/Flyer_Kontakte.jpg 948w, http:\/\/www.musikverein-oberstenfeld.de\/wp-content\/uploads\/2020\/10\/Flyer_Kontakte-300x216.jpg 300w, http:\/\/www.musikverein-oberstenfeld.de\/wp-content\/uploads\/2020\/10\/Flyer_Kontakte-768x554.jpg 768w\" sizes=\"auto, (max-width: 948px) 100vw, 948px\" \/><\/figure>\n","protected":false},"excerpt":{"rendered":"<p>Blockfl\u00f6tenorchester &amp; Bl\u00e4serklasse an der Lichtenbergschule Oberstenfeld Warum eine Bl\u00e4serklasse? Sie f\u00f6rdert den Sch\u00fcler in doppeltem Ma\u00dfe. Zum Einen erlernt er ein Instrument und zum Anderen wird er gleichzeitig zum<\/p>\n","protected":false},"author":1,"featured_media":0,"parent":0,"menu_order":0,"comment_status":"closed","ping_status":"closed","template":"","meta":{"footnotes":""},"class_list":["post-689","page","type-page","status-publish","hentry"],"_links":{"self":[{"href":"http:\/\/www.musikverein-oberstenfeld.de\/index.php?rest_route=\/wp\/v2\/pages\/689","targetHints":{"allow":["GET"]}}],"collection":[{"href":"http:\/\/www.musikverein-oberstenfeld.de\/index.php?rest_route=\/wp\/v2\/pages"}],"about":[{"href":"http:\/\/www.musikverein-oberstenfeld.de\/index.php?rest_route=\/wp\/v2\/types\/page"}],"author":[{"embeddable":true,"href":"http:\/\/www.musikverein-oberstenfeld.de\/index.php?rest_route=\/wp\/v2\/users\/1"}],"replies":[{"embeddable":true,"href":"http:\/\/www.musikverein-oberstenfeld.de\/index.php?rest_route=%2Fwp%2Fv2%2Fcomments&post=689"}],"version-history":[{"count":12,"href":"http:\/\/www.musikverein-oberstenfeld.de\/index.php?rest_route=\/wp\/v2\/pages\/689\/revisions"}],"predecessor-version":[{"id":731,"href":"http:\/\/www.musikverein-oberstenfeld.de\/index.php?rest_route=\/wp\/v2\/pages\/689\/revisions\/731"}],"wp:attachment":[{"href":"http:\/\/www.musikverein-oberstenfeld.de\/index.php?rest_route=%2Fwp%2Fv2%2Fmedia&parent=689"}],"curies":[{"name":"wp","href":"https:\/\/api.w.org\/{rel}","templated":true}]}}