{"id":6,"date":"2013-12-07T16:56:59","date_gmt":"2013-12-07T14:56:59","guid":{"rendered":"http:\/\/www.musikverein-oberstenfeld.de\/?page_id=6"},"modified":"2014-03-13T17:51:07","modified_gmt":"2014-03-13T15:51:07","slug":"grosses-blasorchester","status":"publish","type":"page","link":"http:\/\/www.musikverein-oberstenfeld.de\/?page_id=6","title":{"rendered":"Blasorchester"},"content":{"rendered":"<h2>Das Blasorchester<\/h2>\n<p>&nbsp;<\/p>\n<p>Wir, das Blasorchester des Musikvereins, bestehen derzeit aus 16 aktiven Musikern. Klein, aber feinf\u00fchlig &#8211; bei jedem Auftritt k\u00f6nnen wir beweisen, dass die Qualit\u00e4t eines Orchesters nicht an seiner Gr\u00f6\u00dfe gemessen wird. Drei Musiker aus jedem Register plus ein Schlagzeuger bilden die Mannschaft.<\/p>\n<p>Wir verstehen uns darauf, eine gro\u00dfe musikalische Bandbreite der Musik auszukosten.\u00a0Jedes Jahr sind wir auf verschiedenen Festen in Oberstenfeld und im Bottwartal unterwegs. Den gro\u00dfen H\u00f6hepunkt bildet unsere Jahresfeier im Fr\u00fchjahr, bei der wir unser Publikum einen Abend lang unterhalten d\u00fcrfen. Auch im Dezember treten wir regelm\u00e4\u00dfig beim Gemeinschaftskonzert &#8222;Blasmusik im Bottwartal&#8220; auf.<\/p>\n<p>In 2012 durften wir uns ganz besonders pr\u00e4sentieren: als Projektorchester bildeten wir zusammen mit den Musikvereinen Hessigheim und Spiegelberg und den Ch\u00f6ren Swinging Voices Oberstenfeld und dem Philharmonischen Chor Ludwigsburg einen gewaltigen Klangk\u00f6rper im B\u00fcrgerhaus, am &#8222;Konzert am Sommerabend&#8220;. Musik jedes Genres wurde pr\u00e4sentiert. Besonders waren die Auftritte der Gesangssolisten Sarah Wieder und Daniel Neumann aus Besigheim.<br \/>\nEine Neuauflage dieses Konzerts ist in voller Planung: 2014 wird das &#8222;Konzert am Fr\u00fchlingsabend&#8220; stattfinden. Auf unserer Homepage finden Sie weitere Informationen dazu.<\/p>\n\r\n<a href=\"http:\/\/www.musikverein-oberstenfeld.de\/wp-content\/gallery\/basics\/bib2013-gesamtfoto-s.jpg\" title=\"\"  >\r\n\t<img decoding=\"async\" class=\"ngg-singlepic\" src=\"http:\/\/www.musikverein-oberstenfeld.de\/cache\/1352__320x240_bib2013-gesamtfoto-s.jpg\" alt=\"BiB2013-Gesamtfoto-S\" title=\"BiB2013-Gesamtfoto-S\" \/>\r\n<\/a>\r\n\n<h2>Der Dirigent<\/h2>\n<p>&nbsp;<\/p>\n<p>Musikalisch geleitet werden wir von Dirigent Benjamin Reiner. Der 1985 geborene Tubist ist seit 2009 in unserem Verein t\u00e4tig.<\/p>\n<p>Wozu braucht das Orchester einen Dirigenten \u00fcberhaupt?<\/p>\n<p>Ein Dirigent markiert nicht nur den verbindlichen Takt und gibt das gemeinsame Tempo an, vielmehr verleiht er jedem Musikst\u00fcck eine eigene Note. Mit der Idee und Umsetzung eines besonderen, gro\u00dfen Projekts \u00fcbernimmt Benjamin nicht nur die Leitung f\u00fcr den musikalischen Verlauf der vorgetragenen St\u00fccke, sondern auch f\u00fcr die Gestaltung des gesamten Konzerts. Durch das Konzert kann er mit vielen Menschen gemeinsam Musik machen, die er durch seine musikalische Laufbahn kennengelernt hat. Benjamin unterst\u00fctzt Orchester und Bands, wie das Landesblasorchester Baden-W\u00fcrttemberg oder Gunnar Dieth und sein Blasorchester Egerland, nicht nur durch verschiedene Instrumente die er spielt, sondern auch indem er f\u00fcr Musikvereine verschiedene Arrangements schreibt. Am liebsten unterh\u00e4lt er die Zuh\u00f6rer aber, indem er selbst an seiner Tuba oder mit der Arschgeige Stimmung macht. Neben seinem Hauptberuf als Fachinformatiker bei LQ, dirigiert er seit 2008 und 2009 die Musikvereine Hessigheim und Oberstenfeld.<\/p>\n\r\n<a href=\"http:\/\/www.musikverein-oberstenfeld.de\/wp-content\/gallery\/basics\/mo_2-medium.jpg\" title=\"\"  >\r\n\t<img decoding=\"async\" class=\"ngg-singlepic\" src=\"http:\/\/www.musikverein-oberstenfeld.de\/cache\/595__320x240_mo_2-medium.jpg\" alt=\"Benjamin-Reiner\" title=\"Benjamin-Reiner\" \/>\r\n<\/a>\r\n\n","protected":false},"excerpt":{"rendered":"<p>Das Blasorchester &nbsp; Wir, das Blasorchester des Musikvereins, bestehen derzeit aus 16 aktiven Musikern. Klein, aber feinf\u00fchlig &#8211; bei jedem Auftritt k\u00f6nnen wir beweisen, dass die Qualit\u00e4t eines Orchesters nicht<\/p>\n","protected":false},"author":1,"featured_media":0,"parent":0,"menu_order":0,"comment_status":"closed","ping_status":"closed","template":"","meta":{"footnotes":""},"class_list":["post-6","page","type-page","status-publish","hentry"],"_links":{"self":[{"href":"http:\/\/www.musikverein-oberstenfeld.de\/index.php?rest_route=\/wp\/v2\/pages\/6","targetHints":{"allow":["GET"]}}],"collection":[{"href":"http:\/\/www.musikverein-oberstenfeld.de\/index.php?rest_route=\/wp\/v2\/pages"}],"about":[{"href":"http:\/\/www.musikverein-oberstenfeld.de\/index.php?rest_route=\/wp\/v2\/types\/page"}],"author":[{"embeddable":true,"href":"http:\/\/www.musikverein-oberstenfeld.de\/index.php?rest_route=\/wp\/v2\/users\/1"}],"replies":[{"embeddable":true,"href":"http:\/\/www.musikverein-oberstenfeld.de\/index.php?rest_route=%2Fwp%2Fv2%2Fcomments&post=6"}],"version-history":[{"count":22,"href":"http:\/\/www.musikverein-oberstenfeld.de\/index.php?rest_route=\/wp\/v2\/pages\/6\/revisions"}],"predecessor-version":[{"id":213,"href":"http:\/\/www.musikverein-oberstenfeld.de\/index.php?rest_route=\/wp\/v2\/pages\/6\/revisions\/213"}],"wp:attachment":[{"href":"http:\/\/www.musikverein-oberstenfeld.de\/index.php?rest_route=%2Fwp%2Fv2%2Fmedia&parent=6"}],"curies":[{"name":"wp","href":"https:\/\/api.w.org\/{rel}","templated":true}]}}