{"id":584,"date":"2018-09-05T18:35:35","date_gmt":"2018-09-05T16:35:35","guid":{"rendered":"http:\/\/www.musikverein-oberstenfeld.de\/?page_id=584"},"modified":"2018-09-05T18:54:28","modified_gmt":"2018-09-05T16:54:28","slug":"datenschutz","status":"publish","type":"page","link":"http:\/\/www.musikverein-oberstenfeld.de\/?page_id=584","title":{"rendered":"Datenschutz"},"content":{"rendered":"<h3><strong>Datenschutzregelungen<\/strong><\/h3>\n<p>&nbsp;<\/p>\n<p>Zur Erf\u00fcllung der satzungsgem\u00e4\u00dfen Zwecke und Aufgaben des Vereins werden unter Beachtung der Vorgaben der Datenschutz-Grundverordnung (DSGVO) und des Bundesdatenschutzgesetzes (BDSG) personenbezogene Daten unserer Vereinsmitglieder erhoben, verarbeitet und genutzt.<\/p>\n<p>Jedes Vereinsmitglied hat insbesondere die folgenden Rechte nach der DSGVO:<\/p>\n<ul>\n<li>das Recht auf Auskunft (Artikel 15)<\/li>\n<li>das Recht auf Berichtigung (Artikel 16)<\/li>\n<li>das Recht auf L\u00f6schung (Artikel 17)<\/li>\n<li>das Recht auf Einschr\u00e4nkung der Verarbeitung (Artikel 18)<\/li>\n<li>das Recht auf Daten\u00fcbertragbarkeit (Artikel 20)<\/li>\n<li>das Widerspruchsrecht (Artikel 21)<\/li>\n<li>das Recht auf Beschwerde bei einer Aufsichtsbeh\u00f6rde<\/li>\n<\/ul>\n<p>Den Mandatstr\u00e4gern unseres Vereins, allen ehrenamtlich und hauptamtlichen Mitarbeitern oder sonst f\u00fcr den Verein T\u00e4tigen ist es untersagt, personenbezogene Daten unbefugt zu anderen als dem jeweiligen zur Aufgabenerf\u00fcllung geh\u00f6renden Zweck zu verarbeiten, bekannt zu geben, Dritten zug\u00e4nglich zu machen oder sonst zu nutzen. Diese Pflicht besteht auch \u00fcber das Ausscheiden der oben genannten Personen aus dem Verein hinaus.<\/p>\n<p>Weitere Datenschutzregelungen zur Erhebung, Verarbeitung und Nutzung von personenbezogenen Daten im Verein sind in einer gesonderten <strong>Datenschutzordnung<\/strong> schriftlich niedergelegt.<\/p>\n<p>&nbsp;<\/p>\n<h3><strong>Datenschutzordnung des Musikvereins Oberstenfeld als Anlage zur Satzung<\/strong><\/h3>\n<p><strong>Allgemeine Grunds\u00e4tze<\/strong><\/p>\n<p>Die Erhebung, Verarbeitung und Nutzung von personenbezogenen Daten erfolgt im Verein nach den geltenden Datenschutzrichtlinien und im vereinseigenen Datenverarbeitungssystem ComMusic.<\/p>\n<p>Der Datenschutz erfolgt nach den Richtlinien der Datenschutz-Grundverordnung (DS-GVO) sowie des g\u00fcltigen Bundesdatenschutzgesetzes (BDSG).<\/p>\n<p>Der Verein darf gem. Art.6 DS-GVO beim Vereinseintritt alle Daten erheben, die zur Verfolgung der satzungsgem\u00e4\u00dfen Vereinsziele und zur Verwaltung der Mitglieder erforderlich sind.<\/p>\n<p>F\u00fcr die Nutzung von personenbezogenen Daten sowie auch von Fotos im Rahmen der Pressearbeit in den Print- und Online-Medien (Vereinshomepage, Social Media Plattform des Vereins) wird bei Bedarf eine separate Einwilligung eingeholt.<\/p>\n<p>Verantwortlich f\u00fcr den Datenschutz im Verein ist der Vorsitzende.<\/p>\n<p><strong>Datenerhebung<\/strong><\/p>\n<p>Der Verein nimmt folgende personenbezogene Daten seiner Mitlieder auf:<\/p>\n<ul>\n<li>Vor- und Zuname<\/li>\n<li>Geschlecht<\/li>\n<li>Anschrift<\/li>\n<li>Kommunikationsdaten (Telefon, E-Mail)<\/li>\n<li>Geburtsdatum<\/li>\n<li>Bankverbindung<\/li>\n<\/ul>\n<p>Jedem Vereinsmitglied wird zudem eine vereinseigene Mitgliedsnummer zugeordnet.<\/p>\n<p>Die personenbezogenen Daten werden in einem vereinseigenen EDV-System gespeichert, welches durch technische und organisatorische Ma\u00dfnahmen vor einem unberechtigten Zugriff Dritter gesch\u00fctzt ist.<\/p>\n<p>Sonstige Informationen und Informationen \u00fcber Nichtmitglieder werden von dem Verein intern nur erhoben und verarbeitet, wenn sie zur Erf\u00fcllung des Vereinszweckes n\u00fctzlich sind und keine Anhaltspunkte bestehen, dass die betroffene Person ein schutzw\u00fcrdiges Interesse hat, das der Verarbeitung entgegensteht.<\/p>\n<p><strong>Datenl\u00f6schung<\/strong><\/p>\n<p>Beim Austritt von Mitgliedern werden alle gespeicherten Daten archiviert. Die archivierten Daten werden ebenfalls durch geeignete technische und organisatorische Ma\u00dfnahmen vor der Kenntnisnahme Dritter gesch\u00fctzt. Die archivierten Daten d\u00fcrfen ebenfalls nur zu vereinsinternen \u00a0Zwecken verwendet werden.<\/p>\n<p>Personenbezogene Daten des austretenden Mitglieds werden gem\u00e4\u00df den steuergesetzlichen Bestimmungen bis zu zehn Kalenderjahre ab der Wirksamkeit des Austritts durch den Verein aufbewahrt. Danach werden diese Daten gel\u00f6scht.<\/p>\n<p><strong>\u00dcbermittlung von Daten bei der Mitgliedermeldung an den Kreisverband<\/strong><\/p>\n<p>Als Mitglied des Blasmusik-Kreisverbandes Ludwigsburg e.V. ist der Verein verpflichtet, seine aktiven Mitglieder an diesen zu melden. Die Datenweitergabe an den Kreisverband, einem Dachverband im Verh\u00e4ltnis zum Verein, stellt eine Daten\u00fcbermittlung i.S.d. \u00a73 Abs. 4 Satz 2 Nr. 3 BDSG dar.<\/p>\n<p>\u00dcbermittelt werden dabei personenbezogene Daten nach dem Meldestandard des Kreisverbandes.<\/p>\n<p>Dies sind insbesondere bei aktiven Mitglieder folgende Daten:<\/p>\n<ul>\n<li>Vor- und Nachname, Anschrift, Geburtsdatum, Geschlecht<\/li>\n<li>Ehrungsdaten (bisher erhaltene Ehrungen des Verbandes)<\/li>\n<li>Qualifikationen (z.B. D-Pr\u00fcfungen)<\/li>\n<li>Instrument<\/li>\n<li>Datum des Beitritts zur aktiven Mitgliedschaft<\/li>\n<li>Mitwirkung in Orchestergruppierungen des Vereins<\/li>\n<\/ul>\n<p>Bei aktiven Mitgliedern mit besonderen Aufgaben bzw. Funktionen laut Vereinssatzung (Vorstandsmitglieder, Ausschussmitglieder), werden die vollst\u00e4ndige Adresse mit Telefonnummer, E-Mail-Adresse sowie der Bezeichnung ihrer Funktion im Verein \u00fcbermittelt.<\/p>\n<p>F\u00f6rdernde Mitglieder sowie Ehrenmitglieder werden nur statistisch, also ohne namentliche Meldung \u00fcbermittelt.<\/p>\n<p>Der Verein erkl\u00e4rt ausdr\u00fccklich bei Abgabe einer Mitgliedermeldung an den \u00fcbergeordneten Kreisverband, dass die Daten ausschlie\u00dflich f\u00fcr verbandsinterne Zwecke verwendet werden d\u00fcrfen; eine \u00dcberlassung an Dritte ist untersagt bzw. bedarf der schriftlichen Einwilligung der Mitglieder des Vereins.<\/p>\n<p>Die \u00dcbermittlung der Mitgliedermeldung erfolgt in einem datentechnisch verschl\u00fcsselten Verfahren.<\/p>\n<p><strong>\u00dcbermittlung von sonstigen Daten an den Kreisverband<\/strong><\/p>\n<p>Als Mitglied des Blasmusik-Kreisverbandes Ludwigsburg e.V. kann der Verein zur Erf\u00fcllung seiner Aufgaben personenbezogene Daten bei folgenden Anl\u00e4ssen an den Kreisverband \u00fcbermitteln:<\/p>\n<ul>\n<li>Beantragung von <strong>Ehrungen<\/strong> nach der Ehrungsordnung des Kreisverbandes oder weiterer Dachorganisationen: Vor- und Zuname, Anschrift, Geburtsdatum, Ehrungshistorie<\/li>\n<li>Anmeldung zu <strong>Lehrg\u00e4ngen<\/strong> des Kreisverbandes oder weiterer Dachorganisationen: Vor- und Zuname, Anschrift, Geburtsdatum<\/li>\n<li>Anmeldung zu <strong>Fachtagungen<\/strong> und <strong>Veranstaltungen<\/strong> des Kreisverbandes oder weiterer Dachorganisationen: Vor- und Zuname, Anschrift, Geburtsdatum<\/li>\n<\/ul>\n<p>Die \u00dcbermittlung der Mitgliedermeldung erfolgt in einem datentechnisch verschl\u00fcsselten Verfahren.<\/p>\n<p><strong>Pressearbeit<\/strong><\/p>\n<p>Der Verein informiert die Tagespresse sowie die Verbandszeitschrift forte (DVO-Verlag) des BVBW sowie den Blasmusik Kreisverband \u00fcber Pr\u00fcfungsergebnisse und besondere Ereignisse. Solche Informationen werden \u00fcberdies auf der Internetseite des Vereins ver\u00f6ffentlicht.<\/p>\n<p>Das einzelne Mitglied kann jederzeit gegen\u00fcber dem Vorstand einer solchen Ver\u00f6ffentlichung widersprechen. Personenbezogene Daten des wiedersprechenden Mitglieds werden von der Homepage des Vereins entfernt. Der Verein benachrichtigt den Blasmusik Kreisverband Ludwigsburg von dem Widerspruch des Mitglieds.<\/p>\n<p><strong>Weitergabe von Mitgliedsdaten an Vereinsmitglieder<\/strong><\/p>\n<p>Der Vorstand macht besondere Ereignisse des Vereinslebens, insbesondere die Durchf\u00fchrung und die Ergebnisse von Pr\u00fcfungen, Ehrungen sowie Feierlichkeiten des Vereins durch Ver\u00f6ffentlichung bekannt. Dabei k\u00f6nnen personenbezogene Mitgliederdaten ver\u00f6ffentlicht werden. Das einzelne Mitglied kann jederzeit gegen\u00fcber dem Vorstand einer solchen Ver\u00f6ffentlichung widersprechen. Im Falle des Widerspruches unterbleibt in Bezug auf das widersprechende Mitglied eine weitere Ver\u00f6ffentlichung.<\/p>\n<p><strong>Mitgliederverzeichnisse<\/strong> werden nur an Vorstandsmitglieder und sonstige Mitglieder ausgeh\u00e4ndigt, die im Verein nach Satzung und\/oder Gesch\u00e4ftsordnung eine besondere Funktion aus\u00fcben, welche die Kenntnis der Mitgliederdaten erfordert.<\/p>\n<p><strong>Kooperation mit der Musikschule Marbach Bottwartal<\/strong><\/p>\n<p>Der Verein hat ein Kooperationsabkommen mit der Musikschule Marbach Bottwartal abgeschlossen, die f\u00fcr die instrumentale Ausbildung unserer Sch\u00fcler zust\u00e4ndig ist.<\/p>\n<p>Er \u00fcbermittelt bei Vertragsabschluss einmalig folgende Daten:<\/p>\n<p>Vor- und Zuname, Geschlecht, Anschrift, Geburtsdatum, Schule, Klasse, Kommunikationsdaten.<\/p>\n<p>&nbsp;<\/p>\n<p><strong>Kooperation mit der Musikakademie MAKS<br \/>\n(Musikschule Staudenmaier &amp; Bleher GbR in Gro\u00dfbottwar) <\/strong><\/p>\n<p>Der Verein hat ein Kooperationsabkommen mit der Musikakademie MAKS abgeschlossen, die f\u00fcr die instrumentale Ausbildung unserer Sch\u00fcler zust\u00e4ndig ist.<\/p>\n<p>Er \u00fcbermittelt bei Vertragsabschluss einmalig folgende Daten:<\/p>\n<p>Vor- und Zuname, Geschlecht, Schule, Klasse.<\/p>\n<p>&nbsp;<\/p>\n<p><strong>Beschwerderecht <\/strong><\/p>\n<p>Als Aufsichtsbeh\u00f6rde f\u00fcr die Einreichung von Beschwerden der Betroffenen zum Datenschutz steht der Landesbeauftragte f\u00fcr Datenschutz und Informationssicherheit Baden-W\u00fcrttemberg zur Verf\u00fcgung.<\/p>\n<p>Die Beschwerde kann online unter<\/p>\n<p><a href=\"https:\/\/www.baden-wuerttemberg.datenschutz.de\/beschwerde-online-einreichen\/\">https:\/\/www.baden-wuerttemberg.datenschutz.de\/beschwerde-online-einreichen\/<\/a><\/p>\n<p>eingereicht werden.<\/p>\n","protected":false},"excerpt":{"rendered":"<p>Datenschutzregelungen &nbsp; Zur Erf\u00fcllung der satzungsgem\u00e4\u00dfen Zwecke und Aufgaben des Vereins werden unter Beachtung der Vorgaben der Datenschutz-Grundverordnung (DSGVO) und des Bundesdatenschutzgesetzes (BDSG) personenbezogene Daten unserer Vereinsmitglieder erhoben, verarbeitet und<\/p>\n","protected":false},"author":1,"featured_media":0,"parent":0,"menu_order":0,"comment_status":"closed","ping_status":"closed","template":"","meta":{"footnotes":""},"class_list":["post-584","page","type-page","status-publish","hentry"],"_links":{"self":[{"href":"http:\/\/www.musikverein-oberstenfeld.de\/index.php?rest_route=\/wp\/v2\/pages\/584","targetHints":{"allow":["GET"]}}],"collection":[{"href":"http:\/\/www.musikverein-oberstenfeld.de\/index.php?rest_route=\/wp\/v2\/pages"}],"about":[{"href":"http:\/\/www.musikverein-oberstenfeld.de\/index.php?rest_route=\/wp\/v2\/types\/page"}],"author":[{"embeddable":true,"href":"http:\/\/www.musikverein-oberstenfeld.de\/index.php?rest_route=\/wp\/v2\/users\/1"}],"replies":[{"embeddable":true,"href":"http:\/\/www.musikverein-oberstenfeld.de\/index.php?rest_route=%2Fwp%2Fv2%2Fcomments&post=584"}],"version-history":[{"count":4,"href":"http:\/\/www.musikverein-oberstenfeld.de\/index.php?rest_route=\/wp\/v2\/pages\/584\/revisions"}],"predecessor-version":[{"id":600,"href":"http:\/\/www.musikverein-oberstenfeld.de\/index.php?rest_route=\/wp\/v2\/pages\/584\/revisions\/600"}],"wp:attachment":[{"href":"http:\/\/www.musikverein-oberstenfeld.de\/index.php?rest_route=%2Fwp%2Fv2%2Fmedia&parent=584"}],"curies":[{"name":"wp","href":"https:\/\/api.w.org\/{rel}","templated":true}]}}