{"id":13,"date":"2013-12-07T17:31:04","date_gmt":"2013-12-07T15:31:04","guid":{"rendered":"http:\/\/www.musikverein-oberstenfeld.de\/?page_id=13"},"modified":"2017-04-01T11:28:21","modified_gmt":"2017-04-01T09:28:21","slug":"konzert-am-fruehlingsabend-2014","status":"publish","type":"page","link":"http:\/\/www.musikverein-oberstenfeld.de\/?page_id=13","title":{"rendered":"Konzert am Fr\u00fchlingsabend"},"content":{"rendered":"<h2>Konzert am Fr\u00fchlingsabend<\/h2>\n<p>Das Konzert-Highlight im Bottwartal<\/p>\n<p>&nbsp;<\/p>\n<p>Die Zuh\u00f6rer und Musiker waren sich einig: so etwas muss nochmal passieren! Nach dem gro\u00dfen Erfolg der Projekte in 2012 und 2014 treffen im April 2017 wieder Orchester, Chor und Gesangssolisten zusammen. Hier die Nachlese von 2014 in Bildern: [Galerie nicht gefunden]<\/p>\n<p>Es ist ein einfacher Grundsatz: Musik bringt Leute zusammen. Und so hat sich der Musikverein Oberstenfeld aufgemacht und ein &#8222;<strong>Fr\u00fchlingsabend-Orchester<\/strong>&#8220; mit 50\u00a0ambitionierten Laienmusikern gebildet. Gitarre und E-Bass sind nat\u00fcrlich auch dabei.<\/p>\n<p>Mit mindestens 80 S\u00e4ngern wird der gro\u00dfe Fr\u00fchlingsabend-Chor auftreten. Erstmals ist der gemischte Chor &#8222;<strong>Mittendrin<\/strong>&#8220; aus Besigheim unter der\u00a0Leitung von Siegfried Liebl dabei.\u00a0Auch f\u00fcr den Chorleiter Achim Meyer ist es eine Premiere: der S\u00e4nger und Komponist wird mit seinem Chor &#8222;<strong>Salt&#8217;n Peppers<\/strong>&#8220; aus Murr sowie mit seinem <strong>Schulchor des\u00a0Friedrich-List-Gymnasiums<\/strong> aus Asperg dabei sein. Der Schulchor der <strong>Erich-K\u00e4stner-Realschule<\/strong> aus Steinheim unter der Leitung von Tina Albert ist wie in 2014 auch wieder dabei.<\/p>\n<p>Veredelt wird die Besetzung durch den Pianisten\u00a0<strong><a title=\"Michael Fiedler\" href=\"http:\/\/fiedler-music.com\/\" target=\"_blank\">Michael Fiedler<\/a><\/strong> aus Vaihingen. Der mit seinem Programm &#8222;Traumzeit&#8220; bekannt gewordene Pianist begeistert momentan mit seinem neuen Projekt &#8222;HER(T)Z(M)ACHT&#8220; unter dem Motto &#8222;Ich kann auch anders&#8220;.<\/p>\n<p>Geboten wird wieder ein breites Spektrum der Musik:\u00a0sinfonische und zeitgen\u00f6ssische Blasmusik,\u00a0BigBand, Musical, Pop, aCapella &#8211; genug Gr\u00fcnde, um sich gleich hier Tickets zu reservieren. Die Tickets werden dann an der Abendkasse hinterlegt. Der Ticketpreis liegt regul\u00e4r bei 15\u20ac, erm\u00e4\u00dfigt bei 10\u20ac.<\/p>\n<p>An der Abendkasse sind noch Restkarten verf\u00fcgbar. Ab 18:30 sind die T\u00fcren f\u00fcr Sie offen.<\/p>\n<h2 style=\"text-align: justify;\"><img loading=\"lazy\" decoding=\"async\" class=\"alignnone  wp-image-548\" src=\"http:\/\/www.musikverein-oberstenfeld.de\/wp-content\/uploads\/2013\/12\/Flv-738x1024.jpg\" alt=\"Flv\" width=\"356\" height=\"493\" srcset=\"http:\/\/www.musikverein-oberstenfeld.de\/wp-content\/uploads\/2013\/12\/Flv-738x1024.jpg 738w, http:\/\/www.musikverein-oberstenfeld.de\/wp-content\/uploads\/2013\/12\/Flv-216x300.jpg 216w, http:\/\/www.musikverein-oberstenfeld.de\/wp-content\/uploads\/2013\/12\/Flv.jpg 778w\" sizes=\"auto, (max-width: 356px) 100vw, 356px\" \/><\/h2>\n<h2 style=\"text-align: justify;\"><img loading=\"lazy\" decoding=\"async\" class=\"alignnone  wp-image-547\" src=\"http:\/\/www.musikverein-oberstenfeld.de\/wp-content\/uploads\/2013\/12\/Flh-738x1024.jpg\" alt=\"Flh\" width=\"356\" height=\"494\" srcset=\"http:\/\/www.musikverein-oberstenfeld.de\/wp-content\/uploads\/2013\/12\/Flh-738x1024.jpg 738w, http:\/\/www.musikverein-oberstenfeld.de\/wp-content\/uploads\/2013\/12\/Flh-216x300.jpg 216w, http:\/\/www.musikverein-oberstenfeld.de\/wp-content\/uploads\/2013\/12\/Flh.jpg 778w\" sizes=\"auto, (max-width: 356px) 100vw, 356px\" \/><\/h2>\n<p>&nbsp;<\/p>\n","protected":false},"excerpt":{"rendered":"<p>Konzert am Fr\u00fchlingsabend Das Konzert-Highlight im Bottwartal &nbsp; Die Zuh\u00f6rer und Musiker waren sich einig: so etwas muss nochmal passieren! Nach dem gro\u00dfen Erfolg der Projekte in 2012 und 2014<\/p>\n","protected":false},"author":1,"featured_media":522,"parent":0,"menu_order":0,"comment_status":"closed","ping_status":"closed","template":"","meta":{"footnotes":""},"class_list":["post-13","page","type-page","status-publish","has-post-thumbnail","hentry"],"_links":{"self":[{"href":"http:\/\/www.musikverein-oberstenfeld.de\/index.php?rest_route=\/wp\/v2\/pages\/13","targetHints":{"allow":["GET"]}}],"collection":[{"href":"http:\/\/www.musikverein-oberstenfeld.de\/index.php?rest_route=\/wp\/v2\/pages"}],"about":[{"href":"http:\/\/www.musikverein-oberstenfeld.de\/index.php?rest_route=\/wp\/v2\/types\/page"}],"author":[{"embeddable":true,"href":"http:\/\/www.musikverein-oberstenfeld.de\/index.php?rest_route=\/wp\/v2\/users\/1"}],"replies":[{"embeddable":true,"href":"http:\/\/www.musikverein-oberstenfeld.de\/index.php?rest_route=%2Fwp%2Fv2%2Fcomments&post=13"}],"version-history":[{"count":34,"href":"http:\/\/www.musikverein-oberstenfeld.de\/index.php?rest_route=\/wp\/v2\/pages\/13\/revisions"}],"predecessor-version":[{"id":160,"href":"http:\/\/www.musikverein-oberstenfeld.de\/index.php?rest_route=\/wp\/v2\/pages\/13\/revisions\/160"}],"wp:featuredmedia":[{"embeddable":true,"href":"http:\/\/www.musikverein-oberstenfeld.de\/index.php?rest_route=\/wp\/v2\/media\/522"}],"wp:attachment":[{"href":"http:\/\/www.musikverein-oberstenfeld.de\/index.php?rest_route=%2Fwp%2Fv2%2Fmedia&parent=13"}],"curies":[{"name":"wp","href":"https:\/\/api.w.org\/{rel}","templated":true}]}}